{"id":312,"date":"2023-10-23T13:40:03","date_gmt":"2023-10-23T11:40:03","guid":{"rendered":"https:\/\/vision2000.fr\/?page_id=312"},"modified":"2024-03-20T09:09:48","modified_gmt":"2024-03-20T08:09:48","slug":"tournage","status":"publish","type":"page","link":"https:\/\/vision2000.fr\/?page_id=312","title":{"rendered":"Tournage"},"content":{"rendered":"\t\t<div data-elementor-type=\"wp-page\" data-elementor-id=\"312\" class=\"elementor elementor-312\">\n\t\t\t\t\t\t<header class=\"elementor-section elementor-top-section elementor-element elementor-element-5d0bcc6e elementor-section-height-min-height elementor-section-content-middle elementor-section-boxed elementor-section-height-default elementor-section-items-middle\" data-id=\"5d0bcc6e\" data-element_type=\"section\" data-settings=\"{&quot;background_background&quot;:&quot;classic&quot;}\">\n\t\t\t\t\t\t\t<div class=\"elementor-background-overlay\"><\/div>\n\t\t\t\t\t\t\t<div class=\"elementor-container elementor-column-gap-default\">\n\t\t\t\t\t<div class=\"elementor-column elementor-col-100 elementor-top-column elementor-element elementor-element-1720a1f3\" data-id=\"1720a1f3\" data-element_type=\"column\">\n\t\t\t<div class=\"elementor-widget-wrap elementor-element-populated\">\n\t\t\t\t\t\t<div class=\"elementor-element elementor-element-4d97f83 elementor-widget elementor-widget-heading\" data-id=\"4d97f83\" data-element_type=\"widget\" data-widget_type=\"heading.default\">\n\t\t\t\t<div class=\"elementor-widget-container\">\n\t\t\t<style>\/*! elementor - v3.20.0 - 26-03-2024 *\/\n.elementor-heading-title{padding:0;margin:0;line-height:1}.elementor-widget-heading .elementor-heading-title[class*=elementor-size-]>a{color:inherit;font-size:inherit;line-height:inherit}.elementor-widget-heading .elementor-heading-title.elementor-size-small{font-size:15px}.elementor-widget-heading .elementor-heading-title.elementor-size-medium{font-size:19px}.elementor-widget-heading .elementor-heading-title.elementor-size-large{font-size:29px}.elementor-widget-heading .elementor-heading-title.elementor-size-xl{font-size:39px}.elementor-widget-heading .elementor-heading-title.elementor-size-xxl{font-size:59px}<\/style><h1 class=\"elementor-heading-title elementor-size-xxl\">Tournage<\/h1>\t\t<\/div>\n\t\t\t\t<\/div>\n\t\t\t\t\t<\/div>\n\t\t<\/div>\n\t\t\t\t\t<\/div>\n\t\t<\/header>\n\t\t\t\t<section class=\"elementor-section elementor-top-section elementor-element elementor-element-4fee244f elementor-section-content-middle elementor-section-height-min-height elementor-section-boxed elementor-section-height-default elementor-section-items-middle\" data-id=\"4fee244f\" data-element_type=\"section\" data-settings=\"{&quot;background_background&quot;:&quot;classic&quot;}\">\n\t\t\t\t\t\t\t<div class=\"elementor-background-overlay\"><\/div>\n\t\t\t\t\t\t\t<div class=\"elementor-container elementor-column-gap-default\">\n\t\t\t\t\t<div class=\"elementor-column elementor-col-100 elementor-top-column elementor-element elementor-element-4256b71\" data-id=\"4256b71\" data-element_type=\"column\">\n\t\t\t<div class=\"elementor-widget-wrap elementor-element-populated\">\n\t\t\t\t\t\t<section class=\"elementor-section elementor-inner-section elementor-element elementor-element-556bea36 elementor-section-boxed elementor-section-height-default elementor-section-height-default\" data-id=\"556bea36\" data-element_type=\"section\">\n\t\t\t\t\t\t<div class=\"elementor-container elementor-column-gap-default\">\n\t\t\t\t\t<div class=\"elementor-column elementor-col-50 elementor-inner-column elementor-element elementor-element-6a5d105a\" data-id=\"6a5d105a\" data-element_type=\"column\">\n\t\t\t<div class=\"elementor-widget-wrap elementor-element-populated\">\n\t\t\t\t\t\t<div class=\"elementor-element elementor-element-207683d8 elementor-widget elementor-widget-text-editor\" data-id=\"207683d8\" data-element_type=\"widget\" data-widget_type=\"text-editor.default\">\n\t\t\t\t<div class=\"elementor-widget-container\">\n\t\t\t<style>\/*! elementor - v3.20.0 - 26-03-2024 *\/\n.elementor-widget-text-editor.elementor-drop-cap-view-stacked .elementor-drop-cap{background-color:#69727d;color:#fff}.elementor-widget-text-editor.elementor-drop-cap-view-framed .elementor-drop-cap{color:#69727d;border:3px solid;background-color:transparent}.elementor-widget-text-editor:not(.elementor-drop-cap-view-default) .elementor-drop-cap{margin-top:8px}.elementor-widget-text-editor:not(.elementor-drop-cap-view-default) .elementor-drop-cap-letter{width:1em;height:1em}.elementor-widget-text-editor .elementor-drop-cap{float:left;text-align:center;line-height:1;font-size:50px}.elementor-widget-text-editor .elementor-drop-cap-letter{display:inline-block}<\/style>\t\t\t\t<p>Vision.2000 est \u00e9quip\u00e9e du mat\u00e9riel professionnel n\u00e9cessaire pour donner vie \u00e0 vos \u00e9v\u00e9nements, documentaires et reportages. Nos tournages b\u00e9n\u00e9ficient de plusieurs cam\u00e9ras fixes en haute d\u00e9finition (4k) pour garantir une qualit\u00e9 optimale.<\/p><p>Nous sommes l\u00e0 pour capturer chaque instant avec pr\u00e9cision et clart\u00e9, offrant ainsi des images nettes et d\u00e9taill\u00e9es. Avec notre expertise et notre \u00e9quipement de pointe, nous assurons la r\u00e9alisation de vos projets avec efficacit\u00e9 et professionnalisme.<\/p>\t\t\t\t\t\t<\/div>\n\t\t\t\t<\/div>\n\t\t\t\t\t<\/div>\n\t\t<\/div>\n\t\t\t\t<div class=\"elementor-column elementor-col-50 elementor-inner-column elementor-element elementor-element-4fc92023\" data-id=\"4fc92023\" data-element_type=\"column\">\n\t\t\t<div class=\"elementor-widget-wrap elementor-element-populated\">\n\t\t\t\t\t\t<div class=\"elementor-element elementor-element-62960d1 elementor-widget elementor-widget-image\" data-id=\"62960d1\" data-element_type=\"widget\" data-widget_type=\"image.default\">\n\t\t\t\t<div class=\"elementor-widget-container\">\n\t\t\t<style>\/*! elementor - v3.20.0 - 26-03-2024 *\/\n.elementor-widget-image{text-align:center}.elementor-widget-image a{display:inline-block}.elementor-widget-image a img[src$=\".svg\"]{width:48px}.elementor-widget-image img{vertical-align:middle;display:inline-block}<\/style>\t\t\t\t\t\t\t\t\t\t<img fetchpriority=\"high\" decoding=\"async\" width=\"225\" height=\"300\" src=\"https:\/\/vision2000.fr\/wp-content\/uploads\/2024\/03\/Tournage_1-1-225x300.jpg\" class=\"attachment-medium size-medium wp-image-402\" alt=\"\" srcset=\"https:\/\/vision2000.fr\/wp-content\/uploads\/2024\/03\/Tournage_1-1-225x300.jpg 225w, https:\/\/vision2000.fr\/wp-content\/uploads\/2024\/03\/Tournage_1-1-768x1024.jpg 768w, https:\/\/vision2000.fr\/wp-content\/uploads\/2024\/03\/Tournage_1-1-1152x1536.jpg 1152w, https:\/\/vision2000.fr\/wp-content\/uploads\/2024\/03\/Tournage_1-1-1536x2048.jpg 1536w, https:\/\/vision2000.fr\/wp-content\/uploads\/2024\/03\/Tournage_1-1.jpg 1600w\" sizes=\"(max-width: 225px) 100vw, 225px\" \/>\t\t\t\t\t\t\t\t\t\t\t\t\t<\/div>\n\t\t\t\t<\/div>\n\t\t\t\t\t<\/div>\n\t\t<\/div>\n\t\t\t\t\t<\/div>\n\t\t<\/section>\n\t\t\t\t\t<\/div>\n\t\t<\/div>\n\t\t\t\t\t<\/div>\n\t\t<\/section>\n\t\t<div class=\"elementor-element elementor-element-4f4a345 e-flex e-con-boxed e-con e-parent\" data-id=\"4f4a345\" data-element_type=\"container\" data-core-v316-plus=\"true\">\n\t\t\t\t\t<div class=\"e-con-inner\">\n\t\t\t\t<div class=\"elementor-element elementor-element-9637599 elementor-widget elementor-widget-image-gallery\" data-id=\"9637599\" data-element_type=\"widget\" data-widget_type=\"image-gallery.default\">\n\t\t\t\t<div class=\"elementor-widget-container\">\n\t\t\t<style>\/*! elementor - v3.20.0 - 26-03-2024 *\/\n.elementor-image-gallery .gallery-item{display:inline-block;text-align:center;vertical-align:top;width:100%;max-width:100%;margin:0 auto}.elementor-image-gallery .gallery-item img{margin:0 auto}.elementor-image-gallery .gallery-item .gallery-caption{margin:0}.elementor-image-gallery figure img{display:block}.elementor-image-gallery figure figcaption{width:100%}.gallery-spacing-custom .elementor-image-gallery .gallery-icon{padding:0}@media (min-width:768px){.elementor-image-gallery .gallery-columns-2 .gallery-item{max-width:50%}.elementor-image-gallery .gallery-columns-3 .gallery-item{max-width:33.33%}.elementor-image-gallery .gallery-columns-4 .gallery-item{max-width:25%}.elementor-image-gallery .gallery-columns-5 .gallery-item{max-width:20%}.elementor-image-gallery .gallery-columns-6 .gallery-item{max-width:16.666%}.elementor-image-gallery .gallery-columns-7 .gallery-item{max-width:14.28%}.elementor-image-gallery .gallery-columns-8 .gallery-item{max-width:12.5%}.elementor-image-gallery .gallery-columns-9 .gallery-item{max-width:11.11%}.elementor-image-gallery .gallery-columns-10 .gallery-item{max-width:10%}}@media (min-width:480px) and (max-width:767px){.elementor-image-gallery .gallery.gallery-columns-2 .gallery-item,.elementor-image-gallery .gallery.gallery-columns-3 .gallery-item,.elementor-image-gallery .gallery.gallery-columns-4 .gallery-item,.elementor-image-gallery .gallery.gallery-columns-5 .gallery-item,.elementor-image-gallery .gallery.gallery-columns-6 .gallery-item,.elementor-image-gallery .gallery.gallery-columns-7 .gallery-item,.elementor-image-gallery .gallery.gallery-columns-8 .gallery-item,.elementor-image-gallery .gallery.gallery-columns-9 .gallery-item,.elementor-image-gallery .gallery.gallery-columns-10 .gallery-item{max-width:50%}}@media (max-width:479px){.elementor-image-gallery .gallery.gallery-columns-2 .gallery-item,.elementor-image-gallery .gallery.gallery-columns-3 .gallery-item,.elementor-image-gallery .gallery.gallery-columns-4 .gallery-item,.elementor-image-gallery .gallery.gallery-columns-5 .gallery-item,.elementor-image-gallery .gallery.gallery-columns-6 .gallery-item,.elementor-image-gallery .gallery.gallery-columns-7 .gallery-item,.elementor-image-gallery .gallery.gallery-columns-8 .gallery-item,.elementor-image-gallery .gallery.gallery-columns-9 .gallery-item,.elementor-image-gallery .gallery.gallery-columns-10 .gallery-item{max-width:100%}}<\/style>\t\t<div class=\"elementor-image-gallery\">\n\t\t\t<div id='gallery-1' class='gallery galleryid-312 gallery-columns-4 gallery-size-medium'><figure class='gallery-item'>\n\t\t\t<div class='gallery-icon landscape'>\n\t\t\t\t<a data-elementor-open-lightbox=\"yes\" data-elementor-lightbox-slideshow=\"9637599\" data-elementor-lightbox-title=\"Tournage_8\" data-e-action-hash=\"#elementor-action%3Aaction%3Dlightbox%26settings%3DeyJpZCI6NDA5LCJ1cmwiOiJodHRwczpcL1wvdmlzaW9uMjAwMC5mclwvd3AtY29udGVudFwvdXBsb2Fkc1wvMjAyNFwvMDNcL1RvdXJuYWdlXzguanBnIiwic2xpZGVzaG93IjoiOTYzNzU5OSJ9\" href='https:\/\/vision2000.fr\/wp-content\/uploads\/2024\/03\/Tournage_8.jpg'><img decoding=\"async\" width=\"300\" height=\"225\" src=\"https:\/\/vision2000.fr\/wp-content\/uploads\/2024\/03\/Tournage_8-300x225.jpg\" class=\"attachment-medium size-medium\" alt=\"\" srcset=\"https:\/\/vision2000.fr\/wp-content\/uploads\/2024\/03\/Tournage_8-300x225.jpg 300w, https:\/\/vision2000.fr\/wp-content\/uploads\/2024\/03\/Tournage_8-1024x768.jpg 1024w, https:\/\/vision2000.fr\/wp-content\/uploads\/2024\/03\/Tournage_8-768x576.jpg 768w, https:\/\/vision2000.fr\/wp-content\/uploads\/2024\/03\/Tournage_8-1536x1152.jpg 1536w, https:\/\/vision2000.fr\/wp-content\/uploads\/2024\/03\/Tournage_8.jpg 1600w\" sizes=\"(max-width: 300px) 100vw, 300px\" \/><\/a>\n\t\t\t<\/div><\/figure><figure class='gallery-item'>\n\t\t\t<div class='gallery-icon landscape'>\n\t\t\t\t<a data-elementor-open-lightbox=\"yes\" data-elementor-lightbox-slideshow=\"9637599\" data-elementor-lightbox-title=\"Tournage_7\" data-e-action-hash=\"#elementor-action%3Aaction%3Dlightbox%26settings%3DeyJpZCI6NDA4LCJ1cmwiOiJodHRwczpcL1wvdmlzaW9uMjAwMC5mclwvd3AtY29udGVudFwvdXBsb2Fkc1wvMjAyNFwvMDNcL1RvdXJuYWdlXzcuanBnIiwic2xpZGVzaG93IjoiOTYzNzU5OSJ9\" href='https:\/\/vision2000.fr\/wp-content\/uploads\/2024\/03\/Tournage_7.jpg'><img decoding=\"async\" width=\"300\" height=\"200\" src=\"https:\/\/vision2000.fr\/wp-content\/uploads\/2024\/03\/Tournage_7-300x200.jpg\" class=\"attachment-medium size-medium\" alt=\"\" srcset=\"https:\/\/vision2000.fr\/wp-content\/uploads\/2024\/03\/Tournage_7-300x200.jpg 300w, https:\/\/vision2000.fr\/wp-content\/uploads\/2024\/03\/Tournage_7-1024x681.jpg 1024w, https:\/\/vision2000.fr\/wp-content\/uploads\/2024\/03\/Tournage_7-768x511.jpg 768w, https:\/\/vision2000.fr\/wp-content\/uploads\/2024\/03\/Tournage_7-1536x1021.jpg 1536w, https:\/\/vision2000.fr\/wp-content\/uploads\/2024\/03\/Tournage_7.jpg 1600w\" sizes=\"(max-width: 300px) 100vw, 300px\" \/><\/a>\n\t\t\t<\/div><\/figure><figure class='gallery-item'>\n\t\t\t<div class='gallery-icon landscape'>\n\t\t\t\t<a data-elementor-open-lightbox=\"yes\" data-elementor-lightbox-slideshow=\"9637599\" data-elementor-lightbox-title=\"Tournage_6\" data-e-action-hash=\"#elementor-action%3Aaction%3Dlightbox%26settings%3DeyJpZCI6NDA3LCJ1cmwiOiJodHRwczpcL1wvdmlzaW9uMjAwMC5mclwvd3AtY29udGVudFwvdXBsb2Fkc1wvMjAyNFwvMDNcL1RvdXJuYWdlXzYuanBnIiwic2xpZGVzaG93IjoiOTYzNzU5OSJ9\" href='https:\/\/vision2000.fr\/wp-content\/uploads\/2024\/03\/Tournage_6.jpg'><img loading=\"lazy\" decoding=\"async\" width=\"300\" height=\"225\" src=\"https:\/\/vision2000.fr\/wp-content\/uploads\/2024\/03\/Tournage_6-300x225.jpg\" class=\"attachment-medium size-medium\" alt=\"\" srcset=\"https:\/\/vision2000.fr\/wp-content\/uploads\/2024\/03\/Tournage_6-300x225.jpg 300w, https:\/\/vision2000.fr\/wp-content\/uploads\/2024\/03\/Tournage_6-1024x768.jpg 1024w, https:\/\/vision2000.fr\/wp-content\/uploads\/2024\/03\/Tournage_6-768x576.jpg 768w, https:\/\/vision2000.fr\/wp-content\/uploads\/2024\/03\/Tournage_6-1536x1152.jpg 1536w, https:\/\/vision2000.fr\/wp-content\/uploads\/2024\/03\/Tournage_6.jpg 1600w\" sizes=\"(max-width: 300px) 100vw, 300px\" \/><\/a>\n\t\t\t<\/div><\/figure><figure class='gallery-item'>\n\t\t\t<div class='gallery-icon landscape'>\n\t\t\t\t<a data-elementor-open-lightbox=\"yes\" data-elementor-lightbox-slideshow=\"9637599\" data-elementor-lightbox-title=\"Tournage_5\" data-e-action-hash=\"#elementor-action%3Aaction%3Dlightbox%26settings%3DeyJpZCI6NDA2LCJ1cmwiOiJodHRwczpcL1wvdmlzaW9uMjAwMC5mclwvd3AtY29udGVudFwvdXBsb2Fkc1wvMjAyNFwvMDNcL1RvdXJuYWdlXzUuanBnIiwic2xpZGVzaG93IjoiOTYzNzU5OSJ9\" href='https:\/\/vision2000.fr\/wp-content\/uploads\/2024\/03\/Tournage_5.jpg'><img loading=\"lazy\" decoding=\"async\" width=\"300\" height=\"225\" src=\"https:\/\/vision2000.fr\/wp-content\/uploads\/2024\/03\/Tournage_5-300x225.jpg\" class=\"attachment-medium size-medium\" alt=\"\" srcset=\"https:\/\/vision2000.fr\/wp-content\/uploads\/2024\/03\/Tournage_5-300x225.jpg 300w, https:\/\/vision2000.fr\/wp-content\/uploads\/2024\/03\/Tournage_5-1024x768.jpg 1024w, https:\/\/vision2000.fr\/wp-content\/uploads\/2024\/03\/Tournage_5-768x576.jpg 768w, https:\/\/vision2000.fr\/wp-content\/uploads\/2024\/03\/Tournage_5-1536x1152.jpg 1536w, https:\/\/vision2000.fr\/wp-content\/uploads\/2024\/03\/Tournage_5.jpg 1600w\" sizes=\"(max-width: 300px) 100vw, 300px\" \/><\/a>\n\t\t\t<\/div><\/figure><figure class='gallery-item'>\n\t\t\t<div class='gallery-icon landscape'>\n\t\t\t\t<a data-elementor-open-lightbox=\"yes\" data-elementor-lightbox-slideshow=\"9637599\" data-elementor-lightbox-title=\"Tournage_4\" data-e-action-hash=\"#elementor-action%3Aaction%3Dlightbox%26settings%3DeyJpZCI6NDA1LCJ1cmwiOiJodHRwczpcL1wvdmlzaW9uMjAwMC5mclwvd3AtY29udGVudFwvdXBsb2Fkc1wvMjAyNFwvMDNcL1RvdXJuYWdlXzQuanBnIiwic2xpZGVzaG93IjoiOTYzNzU5OSJ9\" href='https:\/\/vision2000.fr\/wp-content\/uploads\/2024\/03\/Tournage_4.jpg'><img loading=\"lazy\" decoding=\"async\" width=\"300\" height=\"225\" src=\"https:\/\/vision2000.fr\/wp-content\/uploads\/2024\/03\/Tournage_4-300x225.jpg\" class=\"attachment-medium size-medium\" alt=\"\" srcset=\"https:\/\/vision2000.fr\/wp-content\/uploads\/2024\/03\/Tournage_4-300x225.jpg 300w, https:\/\/vision2000.fr\/wp-content\/uploads\/2024\/03\/Tournage_4-1024x768.jpg 1024w, https:\/\/vision2000.fr\/wp-content\/uploads\/2024\/03\/Tournage_4-768x576.jpg 768w, https:\/\/vision2000.fr\/wp-content\/uploads\/2024\/03\/Tournage_4-1536x1152.jpg 1536w, https:\/\/vision2000.fr\/wp-content\/uploads\/2024\/03\/Tournage_4.jpg 1600w\" sizes=\"(max-width: 300px) 100vw, 300px\" \/><\/a>\n\t\t\t<\/div><\/figure><figure class='gallery-item'>\n\t\t\t<div class='gallery-icon landscape'>\n\t\t\t\t<a data-elementor-open-lightbox=\"yes\" data-elementor-lightbox-slideshow=\"9637599\" data-elementor-lightbox-title=\"Tournage_3\" data-e-action-hash=\"#elementor-action%3Aaction%3Dlightbox%26settings%3DeyJpZCI6NDA0LCJ1cmwiOiJodHRwczpcL1wvdmlzaW9uMjAwMC5mclwvd3AtY29udGVudFwvdXBsb2Fkc1wvMjAyNFwvMDNcL1RvdXJuYWdlXzMuanBnIiwic2xpZGVzaG93IjoiOTYzNzU5OSJ9\" href='https:\/\/vision2000.fr\/wp-content\/uploads\/2024\/03\/Tournage_3.jpg'><img loading=\"lazy\" decoding=\"async\" width=\"300\" height=\"225\" src=\"https:\/\/vision2000.fr\/wp-content\/uploads\/2024\/03\/Tournage_3-300x225.jpg\" class=\"attachment-medium size-medium\" alt=\"\" srcset=\"https:\/\/vision2000.fr\/wp-content\/uploads\/2024\/03\/Tournage_3-300x225.jpg 300w, https:\/\/vision2000.fr\/wp-content\/uploads\/2024\/03\/Tournage_3-1024x768.jpg 1024w, https:\/\/vision2000.fr\/wp-content\/uploads\/2024\/03\/Tournage_3-768x576.jpg 768w, https:\/\/vision2000.fr\/wp-content\/uploads\/2024\/03\/Tournage_3-1536x1152.jpg 1536w, https:\/\/vision2000.fr\/wp-content\/uploads\/2024\/03\/Tournage_3.jpg 1600w\" sizes=\"(max-width: 300px) 100vw, 300px\" \/><\/a>\n\t\t\t<\/div><\/figure><figure class='gallery-item'>\n\t\t\t<div class='gallery-icon landscape'>\n\t\t\t\t<a data-elementor-open-lightbox=\"yes\" data-elementor-lightbox-slideshow=\"9637599\" data-elementor-lightbox-title=\"Tournage_2\" data-e-action-hash=\"#elementor-action%3Aaction%3Dlightbox%26settings%3DeyJpZCI6NDAzLCJ1cmwiOiJodHRwczpcL1wvdmlzaW9uMjAwMC5mclwvd3AtY29udGVudFwvdXBsb2Fkc1wvMjAyNFwvMDNcL1RvdXJuYWdlXzIuanBnIiwic2xpZGVzaG93IjoiOTYzNzU5OSJ9\" href='https:\/\/vision2000.fr\/wp-content\/uploads\/2024\/03\/Tournage_2.jpg'><img loading=\"lazy\" decoding=\"async\" width=\"300\" height=\"225\" src=\"https:\/\/vision2000.fr\/wp-content\/uploads\/2024\/03\/Tournage_2-300x225.jpg\" class=\"attachment-medium size-medium\" alt=\"\" srcset=\"https:\/\/vision2000.fr\/wp-content\/uploads\/2024\/03\/Tournage_2-300x225.jpg 300w, https:\/\/vision2000.fr\/wp-content\/uploads\/2024\/03\/Tournage_2-1024x768.jpg 1024w, https:\/\/vision2000.fr\/wp-content\/uploads\/2024\/03\/Tournage_2-768x576.jpg 768w, https:\/\/vision2000.fr\/wp-content\/uploads\/2024\/03\/Tournage_2-1536x1152.jpg 1536w, https:\/\/vision2000.fr\/wp-content\/uploads\/2024\/03\/Tournage_2.jpg 1600w\" sizes=\"(max-width: 300px) 100vw, 300px\" \/><\/a>\n\t\t\t<\/div><\/figure><figure class='gallery-item'>\n\t\t\t<div class='gallery-icon landscape'>\n\t\t\t\t<a data-elementor-open-lightbox=\"yes\" data-elementor-lightbox-slideshow=\"9637599\" data-elementor-lightbox-title=\"i282037939732019818._szw1280h1280_\" data-e-action-hash=\"#elementor-action%3Aaction%3Dlightbox%26settings%3DeyJpZCI6MjcsInVybCI6Imh0dHBzOlwvXC92aXNpb24yMDAwLmZyXC93cC1jb250ZW50XC91cGxvYWRzXC8yMDIzXC8wOVwvaTI4MjAzNzkzOTczMjAxOTgxOC5fc3p3MTI4MGgxMjgwXy5qcGciLCJzbGlkZXNob3ciOiI5NjM3NTk5In0%3D\" href='https:\/\/vision2000.fr\/wp-content\/uploads\/2023\/09\/i282037939732019818._szw1280h1280_.jpg'><img loading=\"lazy\" decoding=\"async\" width=\"300\" height=\"225\" src=\"https:\/\/vision2000.fr\/wp-content\/uploads\/2023\/09\/i282037939732019818._szw1280h1280_-300x225.jpg\" class=\"attachment-medium size-medium\" alt=\"\" srcset=\"https:\/\/vision2000.fr\/wp-content\/uploads\/2023\/09\/i282037939732019818._szw1280h1280_-300x225.jpg 300w, https:\/\/vision2000.fr\/wp-content\/uploads\/2023\/09\/i282037939732019818._szw1280h1280_-1024x768.jpg 1024w, https:\/\/vision2000.fr\/wp-content\/uploads\/2023\/09\/i282037939732019818._szw1280h1280_-768x576.jpg 768w, https:\/\/vision2000.fr\/wp-content\/uploads\/2023\/09\/i282037939732019818._szw1280h1280_.jpg 1280w\" sizes=\"(max-width: 300px) 100vw, 300px\" \/><\/a>\n\t\t\t<\/div><\/figure>\n\t\t<\/div>\n\t\t<\/div>\n\t\t\t\t<\/div>\n\t\t\t\t<\/div>\n\t\t\t\t\t<\/div>\n\t\t\t\t<\/div>\n\t\t<div class=\"elementor-element elementor-element-e877d30 e-flex e-con-boxed e-con e-parent\" data-id=\"e877d30\" data-element_type=\"container\" data-core-v316-plus=\"true\">\n\t\t\t\t\t<div class=\"e-con-inner\">\n\t\t<div class=\"elementor-element elementor-element-d44c9f4 e-con-full e-flex e-con e-child\" data-id=\"d44c9f4\" data-element_type=\"container\">\n\t\t\t\t<\/div>\n\t\t<div class=\"elementor-element elementor-element-7b83f68 e-con-full e-flex e-con e-child\" data-id=\"7b83f68\" data-element_type=\"container\">\n\t\t\t\t<\/div>\n\t\t\t\t\t<\/div>\n\t\t\t\t<\/div>\n\t\t\t\t<\/div>\n\t\t","protected":false},"excerpt":{"rendered":"<p>Tournage Vision.2000 est \u00e9quip\u00e9e du mat\u00e9riel professionnel n\u00e9cessaire pour donner vie \u00e0 vos \u00e9v\u00e9nements, documentaires et reportages. Nos tournages b\u00e9n\u00e9ficient de plusieurs cam\u00e9ras fixes en haute d\u00e9finition (4k) pour garantir une qualit\u00e9 optimale. Nous sommes l\u00e0 pour capturer chaque instant avec pr\u00e9cision et clart\u00e9, offrant ainsi des images nettes et d\u00e9taill\u00e9es. Avec notre expertise et [&hellip;]<\/p>\n","protected":false},"author":1,"featured_media":0,"parent":0,"menu_order":0,"comment_status":"closed","ping_status":"closed","template":"","meta":{"site-sidebar-layout":"no-sidebar","site-content-layout":"","ast-site-content-layout":"full-width-container","site-content-style":"default","site-sidebar-style":"default","ast-global-header-display":"","ast-banner-title-visibility":"","ast-main-header-display":"","ast-hfb-above-header-display":"","ast-hfb-below-header-display":"","ast-hfb-mobile-header-display":"","site-post-title":"disabled","ast-breadcrumbs-content":"","ast-featured-img":"disabled","footer-sml-layout":"","theme-transparent-header-meta":"","adv-header-id-meta":"","stick-header-meta":"","header-above-stick-meta":"","header-main-stick-meta":"","header-below-stick-meta":"","astra-migrate-meta-layouts":"default","ast-page-background-enabled":"default","ast-page-background-meta":{"desktop":{"background-color":"var(--ast-global-color-4)","background-image":"","background-repeat":"repeat","background-position":"center center","background-size":"auto","background-attachment":"scroll","background-type":"","background-media":"","overlay-type":"","overlay-color":"","overlay-gradient":""},"tablet":{"background-color":"","background-image":"","background-repeat":"repeat","background-position":"center center","background-size":"auto","background-attachment":"scroll","background-type":"","background-media":"","overlay-type":"","overlay-color":"","overlay-gradient":""},"mobile":{"background-color":"","background-image":"","background-repeat":"repeat","background-position":"center center","background-size":"auto","background-attachment":"scroll","background-type":"","background-media":"","overlay-type":"","overlay-color":"","overlay-gradient":""}},"ast-content-background-meta":{"desktop":{"background-color":"var(--ast-global-color-5)","background-image":"","background-repeat":"repeat","background-position":"center center","background-size":"auto","background-attachment":"scroll","background-type":"","background-media":"","overlay-type":"","overlay-color":"","overlay-gradient":""},"tablet":{"background-color":"var(--ast-global-color-5)","background-image":"","background-repeat":"repeat","background-position":"center center","background-size":"auto","background-attachment":"scroll","background-type":"","background-media":"","overlay-type":"","overlay-color":"","overlay-gradient":""},"mobile":{"background-color":"var(--ast-global-color-5)","background-image":"","background-repeat":"repeat","background-position":"center center","background-size":"auto","background-attachment":"scroll","background-type":"","background-media":"","overlay-type":"","overlay-color":"","overlay-gradient":""}},"footnotes":""},"class_list":["post-312","page","type-page","status-publish","hentry"],"_links":{"self":[{"href":"https:\/\/vision2000.fr\/index.php?rest_route=\/wp\/v2\/pages\/312","targetHints":{"allow":["GET"]}}],"collection":[{"href":"https:\/\/vision2000.fr\/index.php?rest_route=\/wp\/v2\/pages"}],"about":[{"href":"https:\/\/vision2000.fr\/index.php?rest_route=\/wp\/v2\/types\/page"}],"author":[{"embeddable":true,"href":"https:\/\/vision2000.fr\/index.php?rest_route=\/wp\/v2\/users\/1"}],"replies":[{"embeddable":true,"href":"https:\/\/vision2000.fr\/index.php?rest_route=%2Fwp%2Fv2%2Fcomments&post=312"}],"version-history":[{"count":25,"href":"https:\/\/vision2000.fr\/index.php?rest_route=\/wp\/v2\/pages\/312\/revisions"}],"predecessor-version":[{"id":427,"href":"https:\/\/vision2000.fr\/index.php?rest_route=\/wp\/v2\/pages\/312\/revisions\/427"}],"wp:attachment":[{"href":"https:\/\/vision2000.fr\/index.php?rest_route=%2Fwp%2Fv2%2Fmedia&parent=312"}],"curies":[{"name":"wp","href":"https:\/\/api.w.org\/{rel}","templated":true}]}}