{"id":327,"date":"2023-10-23T13:46:36","date_gmt":"2023-10-23T11:46:36","guid":{"rendered":"https:\/\/vision2000.fr\/?page_id=327"},"modified":"2024-03-20T09:26:15","modified_gmt":"2024-03-20T08:26:15","slug":"numerisation","status":"publish","type":"page","link":"https:\/\/vision2000.fr\/?page_id=327","title":{"rendered":"Num\u00e9risation"},"content":{"rendered":"\t\t<div data-elementor-type=\"wp-page\" data-elementor-id=\"327\" class=\"elementor elementor-327\">\n\t\t\t\t\t\t<header class=\"elementor-section elementor-top-section elementor-element elementor-element-440ac3e elementor-section-height-min-height elementor-section-content-middle elementor-section-boxed elementor-section-height-default elementor-section-items-middle\" data-id=\"440ac3e\" data-element_type=\"section\" data-settings=\"{&quot;background_background&quot;:&quot;video&quot;}\">\n\t\t\t\t\t\t\t<div class=\"elementor-background-overlay\"><\/div>\n\t\t\t\t\t\t\t<div class=\"elementor-container elementor-column-gap-default\">\n\t\t\t\t\t<div class=\"elementor-column elementor-col-100 elementor-top-column elementor-element elementor-element-2e75205f\" data-id=\"2e75205f\" data-element_type=\"column\">\n\t\t\t<div class=\"elementor-widget-wrap elementor-element-populated\">\n\t\t\t\t\t\t<div class=\"elementor-element elementor-element-63165c13 elementor-widget elementor-widget-heading\" data-id=\"63165c13\" data-element_type=\"widget\" data-widget_type=\"heading.default\">\n\t\t\t\t<div class=\"elementor-widget-container\">\n\t\t\t<style>\/*! elementor - v3.20.0 - 26-03-2024 *\/\n.elementor-heading-title{padding:0;margin:0;line-height:1}.elementor-widget-heading .elementor-heading-title[class*=elementor-size-]>a{color:inherit;font-size:inherit;line-height:inherit}.elementor-widget-heading .elementor-heading-title.elementor-size-small{font-size:15px}.elementor-widget-heading .elementor-heading-title.elementor-size-medium{font-size:19px}.elementor-widget-heading .elementor-heading-title.elementor-size-large{font-size:29px}.elementor-widget-heading .elementor-heading-title.elementor-size-xl{font-size:39px}.elementor-widget-heading .elementor-heading-title.elementor-size-xxl{font-size:59px}<\/style><h1 class=\"elementor-heading-title elementor-size-xxl\">Num\u00e9risation<\/h1>\t\t<\/div>\n\t\t\t\t<\/div>\n\t\t\t\t\t<\/div>\n\t\t<\/div>\n\t\t\t\t\t<\/div>\n\t\t<\/header>\n\t\t<div class=\"elementor-element elementor-element-262a3b2 e-flex e-con-boxed e-con e-parent\" data-id=\"262a3b2\" data-element_type=\"container\" data-settings=\"{&quot;background_background&quot;:&quot;gradient&quot;}\" data-core-v316-plus=\"true\">\n\t\t\t\t\t<div class=\"e-con-inner\">\n\t\t<div class=\"elementor-element elementor-element-118e63e e-con-full e-flex e-con e-child\" data-id=\"118e63e\" data-element_type=\"container\">\n\t\t\t\t<div class=\"elementor-element elementor-element-b88295f elementor-widget elementor-widget-image\" data-id=\"b88295f\" data-element_type=\"widget\" data-widget_type=\"image.default\">\n\t\t\t\t<div class=\"elementor-widget-container\">\n\t\t\t<style>\/*! elementor - v3.20.0 - 26-03-2024 *\/\n.elementor-widget-image{text-align:center}.elementor-widget-image a{display:inline-block}.elementor-widget-image a img[src$=\".svg\"]{width:48px}.elementor-widget-image img{vertical-align:middle;display:inline-block}<\/style>\t\t\t\t\t\t\t\t\t\t<img fetchpriority=\"high\" decoding=\"async\" width=\"576\" height=\"1024\" src=\"https:\/\/vision2000.fr\/wp-content\/uploads\/2024\/03\/P1090095-576x1024.jpg\" class=\"attachment-large size-large wp-image-431\" alt=\"\" srcset=\"https:\/\/vision2000.fr\/wp-content\/uploads\/2024\/03\/P1090095-576x1024.jpg 576w, https:\/\/vision2000.fr\/wp-content\/uploads\/2024\/03\/P1090095-169x300.jpg 169w, https:\/\/vision2000.fr\/wp-content\/uploads\/2024\/03\/P1090095-768x1364.jpg 768w, https:\/\/vision2000.fr\/wp-content\/uploads\/2024\/03\/P1090095-865x1536.jpg 865w, https:\/\/vision2000.fr\/wp-content\/uploads\/2024\/03\/P1090095-1153x2048.jpg 1153w, https:\/\/vision2000.fr\/wp-content\/uploads\/2024\/03\/P1090095-scaled.jpg 1441w\" sizes=\"(max-width: 576px) 100vw, 576px\" \/>\t\t\t\t\t\t\t\t\t\t\t\t\t<\/div>\n\t\t\t\t<\/div>\n\t\t\t\t<\/div>\n\t\t<div class=\"elementor-element elementor-element-34fb1c0 e-con-full e-flex e-con e-child\" data-id=\"34fb1c0\" data-element_type=\"container\">\n\t\t\t\t<div class=\"elementor-element elementor-element-2cc0a3f elementor-widget elementor-widget-text-editor\" data-id=\"2cc0a3f\" data-element_type=\"widget\" data-widget_type=\"text-editor.default\">\n\t\t\t\t<div class=\"elementor-widget-container\">\n\t\t\t<style>\/*! elementor - v3.20.0 - 26-03-2024 *\/\n.elementor-widget-text-editor.elementor-drop-cap-view-stacked .elementor-drop-cap{background-color:#69727d;color:#fff}.elementor-widget-text-editor.elementor-drop-cap-view-framed .elementor-drop-cap{color:#69727d;border:3px solid;background-color:transparent}.elementor-widget-text-editor:not(.elementor-drop-cap-view-default) .elementor-drop-cap{margin-top:8px}.elementor-widget-text-editor:not(.elementor-drop-cap-view-default) .elementor-drop-cap-letter{width:1em;height:1em}.elementor-widget-text-editor .elementor-drop-cap{float:left;text-align:center;line-height:1;font-size:50px}.elementor-widget-text-editor .elementor-drop-cap-letter{display:inline-block}<\/style>\t\t\t\t<p>Vision.2000 se distingue par sa ma\u00eetrise experte des techniques de num\u00e9risation d&#8217;images, offrant un service complet pour pr\u00e9server les souvenirs visuels d&#8217;une \u00e9poque r\u00e9volue.<br \/><br \/>Les transferts de films argentiques, notamment aux formats 8 mm et super 8 mm, sont effectu\u00e9s avec une attention m\u00e9ticuleuse, garantissant une pr\u00e9servation fid\u00e8le des moments captur\u00e9s sur ces supports analogiques.<br \/><br \/>De plus, l&#8217;association excelle dans le transfert num\u00e9rique des anciens standards, tels que HI 8, VHS, VHSC, et DV, en les convertissant habilement en formats plus contemporains.<br \/><br \/>Cette transformation s&#8217;accompagne du choix entre une conservation sur DVD, offrant une exp\u00e9rience nostalgique tangible, ou des cl\u00e9s USB pratiques, permettant un acc\u00e8s num\u00e9rique instantan\u00e9 \u00e0 ces pr\u00e9cieux enregistrements.<br \/><br \/>Cette polyvalence technique t\u00e9moigne de l&#8217;engagement de Vision 2000 \u00e0 s&#8217;adapter aux besoins vari\u00e9s de ses membres, tout en pr\u00e9servant et actualisant avec soin les tr\u00e9sors visuels du pass\u00e9.<\/p>\t\t\t\t\t\t<\/div>\n\t\t\t\t<\/div>\n\t\t\t\t<\/div>\n\t\t<div class=\"elementor-element elementor-element-b89c873 e-con-full e-flex e-con e-child\" data-id=\"b89c873\" data-element_type=\"container\">\n\t\t\t\t<div class=\"elementor-element elementor-element-228e62b elementor-widget elementor-widget-image\" data-id=\"228e62b\" data-element_type=\"widget\" data-widget_type=\"image.default\">\n\t\t\t\t<div class=\"elementor-widget-container\">\n\t\t\t\t\t\t\t\t\t\t\t\t\t<img decoding=\"async\" width=\"576\" height=\"1024\" src=\"https:\/\/vision2000.fr\/wp-content\/uploads\/2024\/03\/P1090083-1-576x1024.jpg\" class=\"attachment-large size-large wp-image-430\" alt=\"\" srcset=\"https:\/\/vision2000.fr\/wp-content\/uploads\/2024\/03\/P1090083-1-576x1024.jpg 576w, https:\/\/vision2000.fr\/wp-content\/uploads\/2024\/03\/P1090083-1-169x300.jpg 169w, https:\/\/vision2000.fr\/wp-content\/uploads\/2024\/03\/P1090083-1-768x1364.jpg 768w, https:\/\/vision2000.fr\/wp-content\/uploads\/2024\/03\/P1090083-1-865x1536.jpg 865w, https:\/\/vision2000.fr\/wp-content\/uploads\/2024\/03\/P1090083-1-1153x2048.jpg 1153w, https:\/\/vision2000.fr\/wp-content\/uploads\/2024\/03\/P1090083-1-scaled.jpg 1441w\" sizes=\"(max-width: 576px) 100vw, 576px\" \/>\t\t\t\t\t\t\t\t\t\t\t\t\t<\/div>\n\t\t\t\t<\/div>\n\t\t\t\t<\/div>\n\t\t\t\t\t<\/div>\n\t\t\t\t<\/div>\n\t\t\t\t<section class=\"elementor-section elementor-top-section elementor-element elementor-element-21f7f7e1 elementor-section-content-middle elementor-section-boxed elementor-section-height-default elementor-section-height-default\" data-id=\"21f7f7e1\" data-element_type=\"section\" data-settings=\"{&quot;background_background&quot;:&quot;classic&quot;}\">\n\t\t\t\t\t\t\t<div class=\"elementor-background-overlay\"><\/div>\n\t\t\t\t\t\t\t<div class=\"elementor-container elementor-column-gap-default\">\n\t\t\t\t\t<div class=\"elementor-column elementor-col-100 elementor-top-column elementor-element elementor-element-32f60c93\" data-id=\"32f60c93\" data-element_type=\"column\">\n\t\t\t<div class=\"elementor-widget-wrap elementor-element-populated\">\n\t\t\t\t\t\t<section class=\"elementor-section elementor-inner-section elementor-element elementor-element-648979cd elementor-section-boxed elementor-section-height-default elementor-section-height-default\" data-id=\"648979cd\" data-element_type=\"section\">\n\t\t\t\t\t\t<div class=\"elementor-container elementor-column-gap-default\">\n\t\t\t\t\t<div class=\"elementor-column elementor-col-100 elementor-inner-column elementor-element elementor-element-66f8e16d\" data-id=\"66f8e16d\" data-element_type=\"column\">\n\t\t\t<div class=\"elementor-widget-wrap elementor-element-populated\">\n\t\t\t\t\t\t<div class=\"elementor-element elementor-element-41f3aecd elementor-widget elementor-widget-text-editor\" data-id=\"41f3aecd\" data-element_type=\"widget\" data-widget_type=\"text-editor.default\">\n\t\t\t\t<div class=\"elementor-widget-container\">\n\t\t\t\t\t\t\t\t\t\t\t\t\t<\/div>\n\t\t\t\t<\/div>\n\t\t\t\t\t<\/div>\n\t\t<\/div>\n\t\t\t\t\t<\/div>\n\t\t<\/section>\n\t\t\t\t\t<\/div>\n\t\t<\/div>\n\t\t\t\t\t<\/div>\n\t\t<\/section>\n\t\t\t\t<\/div>\n\t\t","protected":false},"excerpt":{"rendered":"<p>Num\u00e9risation Vision.2000 se distingue par sa ma\u00eetrise experte des techniques de num\u00e9risation d&#8217;images, offrant un service complet pour pr\u00e9server les souvenirs visuels d&#8217;une \u00e9poque r\u00e9volue. Les transferts de films argentiques, notamment aux formats 8 mm et super 8 mm, sont effectu\u00e9s avec une attention m\u00e9ticuleuse, garantissant une pr\u00e9servation fid\u00e8le des moments captur\u00e9s sur ces supports [&hellip;]<\/p>\n","protected":false},"author":1,"featured_media":0,"parent":0,"menu_order":0,"comment_status":"closed","ping_status":"closed","template":"","meta":{"site-sidebar-layout":"no-sidebar","site-content-layout":"","ast-site-content-layout":"full-width-container","site-content-style":"default","site-sidebar-style":"default","ast-global-header-display":"","ast-banner-title-visibility":"","ast-main-header-display":"","ast-hfb-above-header-display":"","ast-hfb-below-header-display":"","ast-hfb-mobile-header-display":"","site-post-title":"disabled","ast-breadcrumbs-content":"","ast-featured-img":"disabled","footer-sml-layout":"","theme-transparent-header-meta":"","adv-header-id-meta":"","stick-header-meta":"","header-above-stick-meta":"","header-main-stick-meta":"","header-below-stick-meta":"","astra-migrate-meta-layouts":"default","ast-page-background-enabled":"default","ast-page-background-meta":{"desktop":{"background-color":"var(--ast-global-color-4)","background-image":"","background-repeat":"repeat","background-position":"center center","background-size":"auto","background-attachment":"scroll","background-type":"","background-media":"","overlay-type":"","overlay-color":"","overlay-gradient":""},"tablet":{"background-color":"","background-image":"","background-repeat":"repeat","background-position":"center center","background-size":"auto","background-attachment":"scroll","background-type":"","background-media":"","overlay-type":"","overlay-color":"","overlay-gradient":""},"mobile":{"background-color":"","background-image":"","background-repeat":"repeat","background-position":"center center","background-size":"auto","background-attachment":"scroll","background-type":"","background-media":"","overlay-type":"","overlay-color":"","overlay-gradient":""}},"ast-content-background-meta":{"desktop":{"background-color":"var(--ast-global-color-5)","background-image":"","background-repeat":"repeat","background-position":"center center","background-size":"auto","background-attachment":"scroll","background-type":"","background-media":"","overlay-type":"","overlay-color":"","overlay-gradient":""},"tablet":{"background-color":"var(--ast-global-color-5)","background-image":"","background-repeat":"repeat","background-position":"center center","background-size":"auto","background-attachment":"scroll","background-type":"","background-media":"","overlay-type":"","overlay-color":"","overlay-gradient":""},"mobile":{"background-color":"var(--ast-global-color-5)","background-image":"","background-repeat":"repeat","background-position":"center center","background-size":"auto","background-attachment":"scroll","background-type":"","background-media":"","overlay-type":"","overlay-color":"","overlay-gradient":""}},"footnotes":""},"class_list":["post-327","page","type-page","status-publish","hentry"],"_links":{"self":[{"href":"https:\/\/vision2000.fr\/index.php?rest_route=\/wp\/v2\/pages\/327","targetHints":{"allow":["GET"]}}],"collection":[{"href":"https:\/\/vision2000.fr\/index.php?rest_route=\/wp\/v2\/pages"}],"about":[{"href":"https:\/\/vision2000.fr\/index.php?rest_route=\/wp\/v2\/types\/page"}],"author":[{"embeddable":true,"href":"https:\/\/vision2000.fr\/index.php?rest_route=\/wp\/v2\/users\/1"}],"replies":[{"embeddable":true,"href":"https:\/\/vision2000.fr\/index.php?rest_route=%2Fwp%2Fv2%2Fcomments&post=327"}],"version-history":[{"count":10,"href":"https:\/\/vision2000.fr\/index.php?rest_route=\/wp\/v2\/pages\/327\/revisions"}],"predecessor-version":[{"id":434,"href":"https:\/\/vision2000.fr\/index.php?rest_route=\/wp\/v2\/pages\/327\/revisions\/434"}],"wp:attachment":[{"href":"https:\/\/vision2000.fr\/index.php?rest_route=%2Fwp%2Fv2%2Fmedia&parent=327"}],"curies":[{"name":"wp","href":"https:\/\/api.w.org\/{rel}","templated":true}]}}